{"id":121,"date":"2016-09-26T16:35:15","date_gmt":"2016-09-26T16:35:15","guid":{"rendered":"http:\/\/belimpala.com\/?page_id=121"},"modified":"2017-09-21T09:58:55","modified_gmt":"2017-09-21T09:58:55","slug":"contact","status":"publish","type":"page","link":"https:\/\/belimpala.com\/?page_id=121","title":{"rendered":"Contact"},"content":{"rendered":"<p id=\"menu2cast\"><strong>\/\/ We develop the communication and graphic concept\u00a0of an idea or need, while providing advice and contributing\u00a0in creativity and innovation.<\/strong><br \/>\n<strong> For more information do not hesitate to <a href=\"mailto:info@belimpala.com\">contact us<\/a>.<\/strong><\/p>\n<p><span style=\"color: #808080;\">\/\/ Desarrollamos la comunicaci\u00f3n y el concepto gr\u00e1fico de una idea o necesidad, asesorando y aportando creatividad e innovaci\u00f3n.<\/span><br \/>\n<span style=\"color: #808080;\"> Para m\u00e1s informaci\u00f3n no dude en ponerse en <a style=\"color: #808080;\" href=\"http:\/\/info@belimpala.com\">contacto<\/a> con nosotros.<\/span><\/p>\n<div><span style=\"color: #808080;\">\/\/ Desenvolupem la comunicaci\u00f3 i el concepte gr\u00e0fic d&#8217;una idea o necessitat, assessorant i aportant creativitat i innovaci\u00f3.\u00a0<\/span><\/div>\n<div><span style=\"color: #808080;\">Per a m\u00e9s informaci\u00f3 no dubti en posar-se en <a style=\"color: #808080;\" href=\"mailto:info@belimpala.com\">contacte<\/a> amb nosaltres.<\/span><\/div>\n<p><span style=\"color: #808080;\">\/\/ Nous d\u00e9veloppons la communication et concept graphique d&#8217;une id\u00e9e ou un besoin, tout en fournissant des conseils et contribuant\u00a0avec\u00a0cr\u00e9ativit\u00e9 et innovation.<em><br \/>\n<\/em>Pour plus d&#8217;information,\u00a0n&#8217;h\u00e9sitez pas \u00e0 nous\u00a0<a style=\"color: #808080;\" href=\"mailto:info@belimpala.com\">contacter<\/a>.<\/span><\/p>\n<p>&#8211;<br \/>\nBARCELONA<br \/>\nSAN FRANCISCO<br \/>\n<a href=\"mailto:info@belimpala.com\">info@belimpala.com<\/a><\/p>\n<h1><\/h1>\n<p>&nbsp;<\/p>\n","protected":false},"excerpt":{"rendered":"<p>\/\/ We develop the communication and graphic concept\u00a0of an idea or need, while providing advice and contributing\u00a0in creativity and innovation. For more information do not hesitate to contact us. \/\/ Desarrollamos la comunicaci\u00f3n y el concepto gr\u00e1fico de una idea o necesidad, asesorando y aportando creatividad e innovaci\u00f3n. Para m\u00e1s informaci\u00f3n no dude en ponerse [&hellip;]<\/p>\n","protected":false},"author":1,"featured_media":0,"parent":0,"menu_order":0,"comment_status":"closed","ping_status":"closed","template":"","meta":{"footnotes":""},"class_list":["post-121","page","type-page","status-publish","hentry"],"_links":{"self":[{"href":"https:\/\/belimpala.com\/index.php?rest_route=\/wp\/v2\/pages\/121","targetHints":{"allow":["GET"]}}],"collection":[{"href":"https:\/\/belimpala.com\/index.php?rest_route=\/wp\/v2\/pages"}],"about":[{"href":"https:\/\/belimpala.com\/index.php?rest_route=\/wp\/v2\/types\/page"}],"author":[{"embeddable":true,"href":"https:\/\/belimpala.com\/index.php?rest_route=\/wp\/v2\/users\/1"}],"replies":[{"embeddable":true,"href":"https:\/\/belimpala.com\/index.php?rest_route=%2Fwp%2Fv2%2Fcomments&post=121"}],"version-history":[{"count":33,"href":"https:\/\/belimpala.com\/index.php?rest_route=\/wp\/v2\/pages\/121\/revisions"}],"predecessor-version":[{"id":279,"href":"https:\/\/belimpala.com\/index.php?rest_route=\/wp\/v2\/pages\/121\/revisions\/279"}],"wp:attachment":[{"href":"https:\/\/belimpala.com\/index.php?rest_route=%2Fwp%2Fv2%2Fmedia&parent=121"}],"curies":[{"name":"wp","href":"https:\/\/api.w.org\/{rel}","templated":true}]}}